{"id":7,"date":"2025-05-24T12:26:08","date_gmt":"2025-05-24T10:26:08","guid":{"rendered":"http:\/\/localhost\/CTP\/?page_id=7"},"modified":"2025-09-29T01:30:54","modified_gmt":"2025-09-28T23:30:54","slug":"presentation-du-club","status":"publish","type":"page","link":"https:\/\/clubtechniquecanaris.fr\/?page_id=7","title":{"rendered":"Pr\u00e9sentation du club"},"content":{"rendered":"\n<p><strong>Les buts du club<\/strong><\/p>\n\n\n\n<p>Association \u00e0 caract\u00e8re Technique r\u00e9gie par la loi 1901, ayant pour buts de:<\/p>\n\n\n\n<ul class=\"wp-block-list\">\n<li>promouvoir l&rsquo;\u00e9levage&nbsp;&nbsp;et la recherche en canari culture<\/li>\n\n\n\n<li>coordonner les travaux et d&rsquo;\u00e9tablir des contacts entre les techniciens et les \u00e9leveurs de canaris de posture<\/li>\n\n\n\n<li>diriger l&rsquo;\u00e9levage fran\u00e7ais, de faire connaitre les standards des canaris de posture au public par l&rsquo;organisation entre autres, d&rsquo;une exposition dite: <strong>NATIONAL D&rsquo;ELEVAGE DES CANARIS DE POSTURES<\/strong><\/li>\n\n\n\n<li>apporter une aide technique aux Soci\u00e9t\u00e9s Ornithologiques<\/li>\n\n\n\n<li>regrouper les \u00e9leveurs fran\u00e7ais de canaris de Posture<\/li>\n<\/ul>\n\n\n\n<p>LE C.T.P. est le seul CLUB TECHNIQUE POSTURE reconnu par l&rsquo;U.O.F. &#8211; C.O.M. FRANCE (Congr\u00e8s de Juin 1986 \u00e0 AGEN)<\/p>\n\n\n\n<div class=\"wp-block-media-text is-stacked-on-mobile\" style=\"grid-template-columns:15% auto\"><figure class=\"wp-block-media-text__media\"><img decoding=\"async\" src=\"http:\/\/aec-stiring.fr\/wp-content\/uploads\/2025\/04\/logouof.png\" alt=\"\" class=\"wp-image-1018 size-full\"\/><\/figure><div class=\"wp-block-media-text__content\">\n<p><a href=\"https:\/\/www.ornithologies.fr\/\">Site de l&rsquo;Union Ornithologique de France<\/a><\/p>\n<\/div><\/div>\n\n\n\n<p><\/p>\n\n\n\n<p class=\"has-medium-font-size\"><strong>Qui Sommes-nous?<\/strong><\/p>\n\n\n\n<p>C\u2019\u00e9tait en 1971, les canaris de posture commencent \u00e0 se r\u00e9pandre en France, notamment les races anglaises. Les transports donc les \u00e9changes deviennent plus faciles. Aussi plusieurs passionn\u00e9s dont Claude EDOUARD, Roger LE DUFF, Marcel AUPECLE d\u00e9cident de regrouper les \u00e9leveurs sp\u00e9cialis\u00e9s dans les canaris de race au sein d\u2019une entit\u00e9 qui s\u2019appelle \u00ab&nbsp;La Section Nationale des Canaris de Posture S.N.C.P.&nbsp;\u00bb&nbsp;&nbsp;Une premi\u00e8re r\u00e9union a lieu \u00e0 NIORT dans une salle mise \u00e0 disposition par la SNCF. Un petit bulletin de liaison est \u00e9dit\u00e9 et distribu\u00e9 en 1972 aux 25 adh\u00e9rents. Le nombre de ces adh\u00e9rents grossit rapidement pour passer \u00e0 120 en 1978, 200 en 1983.<\/p>\n\n\n\n<p>Parall\u00e8lement, le nombre de canaris de posture augmente r\u00e9guli\u00e8rement lors des championnats de France&nbsp;: 46 oiseaux en 1974 \u00e0 St Amand, 800 oiseaux \u00e0 Nantes en 1981. (1200 environ aujourd\u2019hui).<\/p>\n\n\n\n<p>Le concours des membres de la S.N.C.P. a lieu g\u00e9n\u00e9ralement lors du Championnat de France sous le titre de&nbsp;\u00ab&nbsp; National Posture&nbsp;\u00bb comme \u00e0 Poitiers en 1978.<\/p>\n\n\n\n<p>En 1983, des contacts sont pris avec la soci\u00e9t\u00e9 parisienne sp\u00e9cialis\u00e9e en posture \u00ab&nbsp;La Nationale&nbsp;\u00bb pour tenter une fusion. Cette union laisse entrevoir de nombreux avantages&nbsp;:<\/p>\n\n\n\n<p>&#8211;&nbsp;&nbsp;&nbsp;&nbsp;&nbsp;&nbsp;&nbsp;&nbsp;&nbsp;&nbsp;concours exposition en commun en r\u00e9gion parisienne c&rsquo;est-\u00e0-dire centr\u00e9e avec salle gratuite, remise pour le mat\u00e9riel, logistique assur\u00e9e par le personnel municipal de Sucy en Brie la ville d\u2019accueil.<\/p>\n\n\n\n<p>&#8211;&nbsp;&nbsp;&nbsp;&nbsp;&nbsp;&nbsp;&nbsp;&nbsp;&nbsp;&nbsp;De plus, l\u2019Union Ornithologique de France a fait savoir qu\u2019elle ne reconna\u00eetrait d\u00e9sormais qu\u2019une seule entit\u00e9 nationale sp\u00e9cialis\u00e9e.&nbsp;&nbsp;&nbsp;&nbsp;&nbsp;&nbsp;&nbsp;&nbsp;&nbsp;&nbsp;&nbsp;&nbsp;&nbsp;&nbsp;&nbsp;&nbsp;&nbsp;&nbsp;&nbsp;&nbsp;&nbsp;&nbsp;&nbsp;&nbsp;&nbsp;&nbsp;&nbsp;&nbsp;&nbsp;&nbsp;&nbsp;&nbsp;&nbsp;&nbsp;&nbsp;&nbsp;&nbsp;&nbsp;&nbsp;&nbsp;&nbsp;&nbsp;&nbsp;&nbsp;&nbsp;&nbsp;&nbsp;&nbsp;&nbsp;&nbsp;&nbsp;&nbsp;&nbsp;&nbsp;&nbsp;&nbsp;&nbsp;&nbsp;&nbsp;&nbsp;&nbsp;&nbsp;&nbsp;&nbsp;<\/p>\n\n\n\n<p>Le 27 novembre 1983 \u00e0 SUCY EN BRIE, la SNCP fond\u00e9e en 1971 Pr\u00e9sident d\u2019Honneur M. GIBEAU, Pr\u00e9sident Actif M. EDOUARD est regroup\u00e9e avec \u00ab&nbsp;La Nationale&nbsp;\u00bb fond\u00e9e en 1867&nbsp;Pr\u00e9sident d\u2019Honneur&nbsp;M. LACORNE, Pr\u00e9sident actif M. LE DUFF sous le nom de S.N.C.P. \u00ab&nbsp;LA NATIONALE&nbsp;\u00bb La couverture du bulletin de liaison devenu commun est modifi\u00e9e, la page de garde pr\u00e9sente les membres du nouveau bureau&nbsp;:&nbsp;<\/p>\n\n\n\n<div class=\"wp-block-media-text is-stacked-on-mobile\"><figure class=\"wp-block-media-text__media\"><img loading=\"lazy\" decoding=\"async\" width=\"624\" height=\"240\" src=\"https:\/\/clubtechniquecanaris.fr\/wp-content\/uploads\/2025\/05\/HISTORIQUE1.jpg\" alt=\"\" class=\"wp-image-92 size-full\"\/><\/figure><div class=\"wp-block-media-text__content\">\n<p>En premier plan&nbsp;: MM Albert DELATTRE, Claude EDOUARD,&nbsp;&nbsp;Paul SEGUIN et Roger, LE DUFF&nbsp;en&nbsp;&nbsp;1983.<\/p>\n<\/div><\/div>\n\n\n\n<p><\/p>\n\n\n\n<figure class=\"wp-block-table\"><table class=\"has-fixed-layout\"><tbody><tr><td class=\"has-text-align-center\" data-align=\"center\"><strong>FONCTION<\/strong><\/td><td class=\"has-text-align-center\" data-align=\"center\"><strong>NOM PRENOM<\/strong><\/td><\/tr><tr><td class=\"has-text-align-center\" data-align=\"center\">Pr\u00e9sident<\/td><td class=\"has-text-align-center\" data-align=\"center\">Monsieur EDOUARD<\/td><\/tr><tr><td class=\"has-text-align-center\" data-align=\"center\">Pr\u00e9sident adjoint<\/td><td class=\"has-text-align-center\" data-align=\"center\">Monsieur LE DUFF<\/td><\/tr><tr><td class=\"has-text-align-center\" data-align=\"center\">Vice-Pr\u00e9sident<\/td><td class=\"has-text-align-center\" data-align=\"center\">Monsieur BAUDET<\/td><\/tr><tr><td class=\"has-text-align-center\" data-align=\"center\">Secr\u00e9taire<\/td><td class=\"has-text-align-center\" data-align=\"center\">Monsieur SEGUIN<\/td><\/tr><tr><td class=\"has-text-align-center\" data-align=\"center\">Secr\u00e9taire adjoint<\/td><td class=\"has-text-align-center\" data-align=\"center\">Madame CHENEVAL<\/td><\/tr><tr><td class=\"has-text-align-center\" data-align=\"center\">Tr\u00e9sorier<\/td><td class=\"has-text-align-center\" data-align=\"center\">Monsieur AUPECLE<\/td><\/tr><tr><td class=\"has-text-align-center\" data-align=\"center\">Tr\u00e9sorier adjoint<\/td><td class=\"has-text-align-center\" data-align=\"center\">Monsieur MERLEN<\/td><\/tr><tr><td class=\"has-text-align-center\" data-align=\"center\">Responsable Challenges<\/td><td class=\"has-text-align-center\" data-align=\"center\">Monsieur&nbsp;&nbsp;PENISSON<\/td><\/tr><tr><td class=\"has-text-align-center\" data-align=\"center\">Responsable Mat\u00e9riel<\/td><td class=\"has-text-align-center\" data-align=\"center\">Monsieur BATAILLON<\/td><\/tr><\/tbody><\/table><\/figure>\n\n\n\n<p class=\"has-text-align-center has-small-font-size\">comit\u00e9 de 1983<\/p>\n\n\n\n<p>Le premier concours est appel\u00e9 le championnat de l\u2019union et r\u00e9unit 1000 canaris de posture \u00ab&nbsp;du jamais vu&nbsp;!&nbsp;\u00bb C\u2019est l\u2019euphorie, une photo souvenir des principaux responsables entourant M. LACORNE vient marquer l\u2019\u00e9v\u00e8nement.<\/p>\n\n\n\n<p>M. DELATTRE prend la succession de M. LE BANNER pour la r\u00e9alisation du Bulletin.<\/p>\n\n\n\n<p>L\u2019ann\u00e9e 1984 voit na\u00eetre les nouvelles structures de l\u2019U.O.F., organis\u00e9e en R\u00e9gion et la disparition des f\u00e9d\u00e9rations. C\u2019est aussi h\u00e9las le d\u00e9but des frictions entre les membres de l\u2019ex SNCP et de l\u2019ex Nationale. Des divergences de vue apparaissent&nbsp;: Les premiers souhaitent s\u2019\u00e9tendre dans la France enti\u00e8re, les seconds veulent \u00e0 tout prix rester soci\u00e9t\u00e9 parisienne.<\/p>\n\n\n\n<p>En 1985, \u00e0 Savigny le Temple, des propos vifs et acides sont \u00e9chang\u00e9s. Les Pr\u00e9sidents se rendent compte que le mariage d\u2019une entit\u00e9 qui se veut nationale avec une soci\u00e9t\u00e9 locale m\u00eame si elle est tr\u00e8s ancienne, n\u2019est pas possible et en 1986, le divorce est prononc\u00e9.<\/p>\n\n\n\n<p>La S.N.C.P. reprend sa libert\u00e9 et pour \u00e9viter toute pol\u00e9mique et ne penser qu\u2019\u00e0 l\u2019\u00e9levage des Canaris de Posture, il est d\u00e9cid\u00e9 lors de l\u2019Assembl\u00e9e G\u00e9n\u00e9rale du 6 mars 1986 de prendre le nom de CLUB TECHNIQUE POSTURE.<\/p>\n\n\n\n<p>Le 24 novembre 1986 \u00e0 ROMILLY SUR SEINE, les nouveaux statuts sont vot\u00e9s \u00e0 l\u2019unanimit\u00e9 en A.G.<\/p>\n\n\n\n<p>A noter que le 31 mai de la m\u00eame ann\u00e9e, le congr\u00e8s de l\u2019U.O.F. r\u00e9unis \u00e0 AGEN a d\u00e9cid\u00e9 de reconna\u00eetre l\u2019ex-S.N.C.P. comme \u00e9tant le seul club technique fran\u00e7ais de Canaris de Posture. En d\u00e9cembre 1986 le 1<sup>er<\/sup>&nbsp;num\u00e9ro de canaris de Posture de France est \u00e9dit\u00e9 par le C.T.P. dont le bureau est constitu\u00e9 de&nbsp;:<\/p>\n\n\n\n<p>Pr\u00e9sident Claude EDOUARD, Vice Pr\u00e9sident Roger LE DUFF, Secr\u00e9taire Paul SEGUIN, Secr\u00e9taire&nbsp;&nbsp;Adjoint Bernard PENISSON, Tr\u00e9sorier Marcel AUPECLE, Tr\u00e9sorier adjoint Ren\u00e9 MERLEN, Commissaire Jean Pierre CORDILLOT, Directeur de la publication&nbsp;: Canaris Posture de France&nbsp;: Albert DELATTRE.&nbsp;&nbsp;<\/p>\n\n\n\n<p>Lors du d\u00e9c\u00e8s de Claude EDOUARD en 1988&nbsp;<strong>Bernard PENISSON<\/strong>&nbsp;a repris les r\u00eanes du club jusqu\u2019en 2003&nbsp;&nbsp;o\u00f9 suite \u00e0 la fin de son mandat notre Pr\u00e9sident actuel&nbsp;<strong>M. Fran\u00e7ois GERARDIN&nbsp;<\/strong>lui a succ\u00e9d\u00e9.<strong>&nbsp;<\/strong><\/p>\n\n\n\n<figure class=\"wp-block-image size-full is-resized\"><img loading=\"lazy\" decoding=\"async\" width=\"656\" height=\"480\" src=\"https:\/\/clubtechniquecanaris.fr\/wp-content\/uploads\/2025\/05\/cfr1b-HISTORIQUE.jpg\" alt=\"\" class=\"wp-image-93\" style=\"width:840px;height:auto\"\/><\/figure>\n\n\n\n<h2 class=\"wp-block-heading\">Le Bureau Administratif<\/h2>\n\n\n\n<figure class=\"wp-block-table\"><table class=\"has-fixed-layout\"><tbody><tr><td><strong>Pr\u00e9sident<\/strong><\/td><td>Fran\u00e7ois GERARDIN<\/td><\/tr><tr><td><strong>Pr\u00e9sident adjoint<\/strong><\/td><td>Pascal DAHLEM<\/td><\/tr><tr><td><strong>Secr\u00e9taire<\/strong><\/td><td>Marie Claire DELATTRE<\/td><\/tr><tr><td><strong>Tr\u00e9sorier<\/strong><\/td><td>Alain HAMANN<\/td><\/tr><tr><td><strong>Responsable du bulletin<\/strong><\/td><td>Albert DELATTRE<\/td><\/tr><\/tbody><\/table><\/figure>\n\n\n\n<h2 class=\"wp-block-heading\">Les D\u00e9l\u00e8gues de r\u00e9gions<\/h2>\n\n\n\n<figure class=\"wp-block-table\"><table class=\"has-fixed-layout\"><tbody><tr><td><strong>REGION<\/strong><\/td><td><strong>Pr\u00e9nom NOM<\/strong><\/td><td><strong>Adresse<\/strong><\/td><td><strong>T\u00e9l\u00e9phone<\/strong><\/td><\/tr><tr><td>R\u00e9gion 1<\/td><td>Jacky DIACRE<\/td><td>16, route de Tourtenay 85150 SAINT MATHURIN<\/td><td>05 49 67 74 93<\/td><\/tr><tr><td>R\u00e9gion 2<\/td><td>Michel MEYER<\/td><td>14, rue F. Chopin 68000 COLMAR<\/td><td>03 89 41 89 44<\/td><\/tr><tr><td>R\u00e9gion 3<\/td><td><\/td><td><\/td><td><\/td><\/tr><tr><td>R\u00e9gion 4<\/td><td>Francis BARRIERE<\/td><td>20, all\u00e9e de l&rsquo;\u00e9cluse R\u00e9s. L&rsquo;ombri\u00e8re 33370 YVRAC<\/td><td>06 05 25 07 52<\/td><\/tr><tr><td>R\u00e9gion 5<\/td><td>Claude CARESMEL<\/td><td>33, Lot. La clairi\u00e8re 01480 JASSANS-RIOTTIER<\/td><td>06 76 48 61 03<\/td><\/tr><tr><td>R\u00e9gion 6<\/td><td>Antoine BALDINHO<\/td><td>15 Maudez&nbsp; 22540 PEDERNEC<\/td><td>06 10 90 39 52<\/td><\/tr><tr><td>R\u00e9gion 7<\/td><td>Pascal DAHLEM<\/td><td>67, avenue Poincar\u00e9 57540 PETITE ROSSELLE<\/td><td>03 87 87 80 18<\/td><\/tr><tr><td>R\u00e9gion 8<\/td><td>Albert DELATTRE<\/td><td>9, rue de Wervicq 59166 BOUSBECQUE<\/td><td>03 20 23 51 31<\/td><\/tr><tr><td>R\u00e9gion 9<\/td><td>St\u00e9phane BARDOUL<\/td><td>Grande Rue &#8211; Le Bourg 63340 ST GERVAZY<\/td><td>04 73 71 02 94<\/td><\/tr><tr><td>R\u00e9gion 11<\/td><td>Gilles LE GAL<\/td><td>7, rue de la Gare 28410 MARCHEZAIS<\/td><td>06 07 69 59 02<\/td><\/tr><tr><td>R\u00e9gion 12<\/td><td><\/td><td><\/td><td><\/td><\/tr><tr><td>R\u00e9gion 13<\/td><td><\/td><td><\/td><td><\/td><\/tr><tr><td>R\u00e9gion 14<\/td><td>Jean Pierre EMILIE<\/td><td>104 Les Manguiers &#8211; La cressoni\u00e8re<\/td><td>06 92 69 04 08<\/td><\/tr><\/tbody><\/table><\/figure>\n","protected":false},"excerpt":{"rendered":"<p>Les buts du club Association \u00e0 caract\u00e8re Technique r\u00e9gie par la loi 1901, ayant pour buts de: LE C.T.P. est le seul CLUB TECHNIQUE POSTURE reconnu par l&rsquo;U.O.F. &#8211; C.O.M. FRANCE (Congr\u00e8s de Juin 1986 \u00e0 AGEN) Site de l&rsquo;Union Ornithologique de France Qui Sommes-nous? C\u2019\u00e9tait en 1971, les canaris de posture commencent \u00e0 se [&hellip;]<\/p>\n","protected":false},"author":1,"featured_media":0,"parent":0,"menu_order":0,"comment_status":"closed","ping_status":"closed","template":"","meta":{"footnotes":""},"class_list":["post-7","page","type-page","status-publish","hentry"],"_links":{"self":[{"href":"https:\/\/clubtechniquecanaris.fr\/index.php?rest_route=\/wp\/v2\/pages\/7","targetHints":{"allow":["GET"]}}],"collection":[{"href":"https:\/\/clubtechniquecanaris.fr\/index.php?rest_route=\/wp\/v2\/pages"}],"about":[{"href":"https:\/\/clubtechniquecanaris.fr\/index.php?rest_route=\/wp\/v2\/types\/page"}],"author":[{"embeddable":true,"href":"https:\/\/clubtechniquecanaris.fr\/index.php?rest_route=\/wp\/v2\/users\/1"}],"replies":[{"embeddable":true,"href":"https:\/\/clubtechniquecanaris.fr\/index.php?rest_route=%2Fwp%2Fv2%2Fcomments&post=7"}],"version-history":[{"count":16,"href":"https:\/\/clubtechniquecanaris.fr\/index.php?rest_route=\/wp\/v2\/pages\/7\/revisions"}],"predecessor-version":[{"id":254,"href":"https:\/\/clubtechniquecanaris.fr\/index.php?rest_route=\/wp\/v2\/pages\/7\/revisions\/254"}],"wp:attachment":[{"href":"https:\/\/clubtechniquecanaris.fr\/index.php?rest_route=%2Fwp%2Fv2%2Fmedia&parent=7"}],"curies":[{"name":"wp","href":"https:\/\/api.w.org\/{rel}","templated":true}]}}