{"id":218,"date":"2025-08-09T18:31:15","date_gmt":"2025-08-09T16:31:15","guid":{"rendered":"http:\/\/vps.spl4tsh.me\/?page_id=218"},"modified":"2025-10-30T10:06:42","modified_gmt":"2025-10-30T09:06:42","slug":"trucs-et-astuces","status":"publish","type":"page","link":"https:\/\/clubtechniquecanaris.fr\/?page_id=218","title":{"rendered":"Trucs et Astuces"},"content":{"rendered":"\n<h2 class=\"wp-block-heading\">Pour une mue tr\u00e8s rapide<\/h2>\n\n\n\n<p>Mettre les oiseaux dans la p\u00e9nombre du 10 juillet au 30 ao\u00fbt mais avec 2 heures de luminosit\u00e9 le matin et idem en fin de journ\u00e9e.<\/p>\n\n\n\n<p><\/p>\n\n\n\n<h2 class=\"wp-block-heading\">En cas de forte chaleur<\/h2>\n\n\n\n<p>Pour abaisser la temp\u00e9rature ambiante, pensez \u00e0 pulv\u00e9rise de l&rsquo;eau fra\u00eeche avec un pulv\u00e9risateur tant dans la p\u00e8ce d&rsquo;\u00e9levage que sur les oiseaux<\/p>\n\n\n\n<p>Donnez \u00e9galement le bain aux oiseaux<\/p>\n\n\n\n<figure class=\"wp-block-image size-full\"><img loading=\"lazy\" decoding=\"async\" width=\"320\" height=\"213\" src=\"https:\/\/clubtechniquecanaris.fr\/wp-content\/uploads\/2025\/10\/img_0010.jpg\" alt=\"\" class=\"wp-image-289\" srcset=\"https:\/\/clubtechniquecanaris.fr\/wp-content\/uploads\/2025\/10\/img_0010.jpg 320w, https:\/\/clubtechniquecanaris.fr\/wp-content\/uploads\/2025\/10\/img_0010-300x200.jpg 300w\" sizes=\"auto, (max-width: 320px) 100vw, 320px\" \/><\/figure>\n\n\n\n<p><\/p>\n\n\n\n<h2 class=\"wp-block-heading\">En cas de diarrh\u00e9e<\/h2>\n\n\n\n<p>Mettre de l&rsquo;Ornipural dans l&rsquo;eau de boisson durant 2 \u00e0 3 jours. Vous pouvez vous rendre chez votre v\u00e9t\u00e9rinaire pour un produit pour la diarrh\u00e9e des veaux.<\/p>\n\n\n\n<figure class=\"wp-block-image size-full is-resized\"><img loading=\"lazy\" decoding=\"async\" width=\"370\" height=\"480\" src=\"https:\/\/clubtechniquecanaris.fr\/wp-content\/uploads\/2025\/10\/omnipural-solution.jpg\" alt=\"\" class=\"wp-image-290\" style=\"width:167px;height:auto\" srcset=\"https:\/\/clubtechniquecanaris.fr\/wp-content\/uploads\/2025\/10\/omnipural-solution.jpg 370w, https:\/\/clubtechniquecanaris.fr\/wp-content\/uploads\/2025\/10\/omnipural-solution-231x300.jpg 231w\" sizes=\"auto, (max-width: 370px) 100vw, 370px\" \/><\/figure>\n\n\n\n<p><\/p>\n\n\n\n<h2 class=\"wp-block-heading\">Pour toute affections, rougeurs, gonflements au niveau des pattes<\/h2>\n\n\n\n<p>Pulv\u00e9riser du Cothivet (huiles essentielles) durant 3 \u00e0 4 jours (chez un v\u00e9t\u00e9rinaire ou laboratoire vetoquinol)<\/p>\n\n\n\n<figure class=\"wp-block-image size-full is-resized\"><img loading=\"lazy\" decoding=\"async\" width=\"458\" height=\"458\" src=\"https:\/\/clubtechniquecanaris.fr\/wp-content\/uploads\/2025\/10\/cothivet-spray-antiseptique-et-cicatrisant.jpg\" alt=\"\" class=\"wp-image-291\" style=\"width:195px;height:auto\" srcset=\"https:\/\/clubtechniquecanaris.fr\/wp-content\/uploads\/2025\/10\/cothivet-spray-antiseptique-et-cicatrisant.jpg 458w, https:\/\/clubtechniquecanaris.fr\/wp-content\/uploads\/2025\/10\/cothivet-spray-antiseptique-et-cicatrisant-300x300.jpg 300w, https:\/\/clubtechniquecanaris.fr\/wp-content\/uploads\/2025\/10\/cothivet-spray-antiseptique-et-cicatrisant-150x150.jpg 150w\" sizes=\"auto, (max-width: 458px) 100vw, 458px\" \/><\/figure>\n\n\n\n<p><\/p>\n\n\n\n<h2 class=\"wp-block-heading\">Pour \u00e9viter le picage en cage ou en voli\u00e8re<\/h2>\n\n\n\n<p>Donnez de quoi occuper et distraire vos oiseaux: <\/p>\n\n\n\n<ul class=\"wp-block-list\">\n<li>Grappe de millet<\/li>\n\n\n\n<li>Branche d&rsquo;armoise<\/li>\n\n\n\n<li>Laitue sauvage<\/li>\n\n\n\n<li>courgette<\/li>\n\n\n\n<li>potiron<\/li>\n\n\n\n<li>pomme<\/li>\n\n\n\n<li>Choux chinois<\/li>\n\n\n\n<li>Brocoli vert<\/li>\n\n\n\n<li>concombre<\/li>\n<\/ul>\n\n\n\n<p>Etc&#8230; la liste est longue.<\/p>\n\n\n\n<p><\/p>\n\n\n\n<h2 class=\"wp-block-heading\">Si vous avez d&rsquo;autres trucs et astuces<\/h2>\n\n\n\n<p>Faites les parvenir \u00e0 Pascal DAHLEM (pdahlem@orange.fr) par mail. Celui ci se fera un plaisir de les diffuser.<\/p>\n","protected":false},"excerpt":{"rendered":"<p>Pour une mue tr\u00e8s rapide Mettre les oiseaux dans la p\u00e9nombre du 10 juillet au 30 ao\u00fbt mais avec 2 heures de luminosit\u00e9 le matin et idem en fin de journ\u00e9e. En cas de forte chaleur Pour abaisser la temp\u00e9rature ambiante, pensez \u00e0 pulv\u00e9rise de l&rsquo;eau fra\u00eeche avec un pulv\u00e9risateur tant dans la p\u00e8ce d&rsquo;\u00e9levage [&hellip;]<\/p>\n","protected":false},"author":1,"featured_media":0,"parent":0,"menu_order":0,"comment_status":"closed","ping_status":"closed","template":"","meta":{"footnotes":""},"class_list":["post-218","page","type-page","status-publish","hentry"],"_links":{"self":[{"href":"https:\/\/clubtechniquecanaris.fr\/index.php?rest_route=\/wp\/v2\/pages\/218","targetHints":{"allow":["GET"]}}],"collection":[{"href":"https:\/\/clubtechniquecanaris.fr\/index.php?rest_route=\/wp\/v2\/pages"}],"about":[{"href":"https:\/\/clubtechniquecanaris.fr\/index.php?rest_route=\/wp\/v2\/types\/page"}],"author":[{"embeddable":true,"href":"https:\/\/clubtechniquecanaris.fr\/index.php?rest_route=\/wp\/v2\/users\/1"}],"replies":[{"embeddable":true,"href":"https:\/\/clubtechniquecanaris.fr\/index.php?rest_route=%2Fwp%2Fv2%2Fcomments&post=218"}],"version-history":[{"count":3,"href":"https:\/\/clubtechniquecanaris.fr\/index.php?rest_route=\/wp\/v2\/pages\/218\/revisions"}],"predecessor-version":[{"id":292,"href":"https:\/\/clubtechniquecanaris.fr\/index.php?rest_route=\/wp\/v2\/pages\/218\/revisions\/292"}],"wp:attachment":[{"href":"https:\/\/clubtechniquecanaris.fr\/index.php?rest_route=%2Fwp%2Fv2%2Fmedia&parent=218"}],"curies":[{"name":"wp","href":"https:\/\/api.w.org\/{rel}","templated":true}]}}