{"id":21,"date":"2025-05-24T12:47:50","date_gmt":"2025-05-24T10:47:50","guid":{"rendered":"http:\/\/localhost\/CTP\/?page_id=21"},"modified":"2025-08-09T18:04:36","modified_gmt":"2025-08-09T16:04:36","slug":"nous-contacter","status":"publish","type":"page","link":"https:\/\/clubtechniquecanaris.fr\/?page_id=21","title":{"rendered":"Nous contacter"},"content":{"rendered":"\n<figure class=\"wp-block-table\"><table class=\"has-fixed-layout\"><tbody><tr><td>Pr\u00e9sident de l&rsquo;association<\/td><td>Fran\u00e7ois GERARDIN<br>22 route du Rhien 70250 RONCHAMP<br>Tel: 03 84 20 64 14<br>Portable: 06 74 74 88 92<br>Mail: fran\u00e7oisgerardin@wanadoo.fr<\/td><\/tr><tr><td>Pr\u00e9sident adjoint<\/td><td>Pascal DAHLEM<br>67 avenu Poincar\u00e9 57540 PETITE-ROSSELLE<br>Tel: 03 87 87 80 18<br>Portable: 06 23 60 51 37<br>Mail: pdahlem@orange.fr<\/td><\/tr><tr><td>Secr\u00e9taire<\/td><td>Marie Claire DELATTRE<br>9 rue de Werciq 59166 BOUSBECQUE<br>Tel: 03 20 23 51 31<br>Portable: 06 80 71 15 09<br>Mail: mcdelattre@gmail.com<\/td><\/tr><\/tbody><\/table><\/figure>\n\n\n\n<p><\/p>\n","protected":false},"excerpt":{"rendered":"<p>Pr\u00e9sident de l&rsquo;association Fran\u00e7ois GERARDIN22 route du Rhien 70250 RONCHAMPTel: 03 84 20 64 14Portable: 06 74 74 88 92Mail: fran\u00e7oisgerardin@wanadoo.fr Pr\u00e9sident adjoint Pascal DAHLEM67 avenu Poincar\u00e9 57540 PETITE-ROSSELLETel: 03 87 87 80 18Portable: 06 23 60 51 37Mail: pdahlem@orange.fr Secr\u00e9taire Marie Claire DELATTRE9 rue de Werciq 59166 BOUSBECQUETel: 03 20 23 51 31Portable: 06 [&hellip;]<\/p>\n","protected":false},"author":1,"featured_media":0,"parent":0,"menu_order":0,"comment_status":"closed","ping_status":"closed","template":"","meta":{"footnotes":""},"class_list":["post-21","page","type-page","status-publish","hentry"],"_links":{"self":[{"href":"https:\/\/clubtechniquecanaris.fr\/index.php?rest_route=\/wp\/v2\/pages\/21","targetHints":{"allow":["GET"]}}],"collection":[{"href":"https:\/\/clubtechniquecanaris.fr\/index.php?rest_route=\/wp\/v2\/pages"}],"about":[{"href":"https:\/\/clubtechniquecanaris.fr\/index.php?rest_route=\/wp\/v2\/types\/page"}],"author":[{"embeddable":true,"href":"https:\/\/clubtechniquecanaris.fr\/index.php?rest_route=\/wp\/v2\/users\/1"}],"replies":[{"embeddable":true,"href":"https:\/\/clubtechniquecanaris.fr\/index.php?rest_route=%2Fwp%2Fv2%2Fcomments&post=21"}],"version-history":[{"count":3,"href":"https:\/\/clubtechniquecanaris.fr\/index.php?rest_route=\/wp\/v2\/pages\/21\/revisions"}],"predecessor-version":[{"id":209,"href":"https:\/\/clubtechniquecanaris.fr\/index.php?rest_route=\/wp\/v2\/pages\/21\/revisions\/209"}],"wp:attachment":[{"href":"https:\/\/clubtechniquecanaris.fr\/index.php?rest_route=%2Fwp%2Fv2%2Fmedia&parent=21"}],"curies":[{"name":"wp","href":"https:\/\/api.w.org\/{rel}","templated":true}]}}