{"id":13,"date":"2025-05-24T12:45:19","date_gmt":"2025-05-24T10:45:19","guid":{"rendered":"http:\/\/localhost\/CTP\/?page_id=13"},"modified":"2026-04-16T08:16:12","modified_gmt":"2026-04-16T06:16:12","slug":"liste-des-eleveurs","status":"publish","type":"page","link":"https:\/\/clubtechniquecanaris.fr\/?page_id=13","title":{"rendered":"Liste des \u00e9leveurs"},"content":{"rendered":"\n<h2 class=\"wp-block-heading\">R\u00e9gion CEE<\/h2>\n\n\n\n<figure class=\"wp-block-table\"><table class=\"has-fixed-layout\"><tbody><tr><td><strong>Pr\u00e9nom NOM<\/strong><\/td><td><strong>VILLE<\/strong><\/td><td><strong>TELEPHONE<\/strong>  <strong>mail<\/strong><\/td><td><strong>REGION<\/strong><\/td><td><strong>Elevage<\/strong><\/td><\/tr><tr><td><\/td><td><\/td><td><\/td><td><\/td><td><\/td><\/tr><\/tbody><\/table><\/figure>\n\n\n\n<p><\/p>\n\n\n\n<h2 class=\"wp-block-heading\">R\u00e9gion 1<\/h2>\n\n\n\n<div class=\"wp-block-media-text is-stacked-on-mobile\" style=\"grid-template-columns:24% auto\"><figure class=\"wp-block-media-text__media\"><img loading=\"lazy\" decoding=\"async\" width=\"307\" height=\"325\" src=\"https:\/\/clubtechniquecanaris.fr\/wp-content\/uploads\/2025\/05\/fg5s9-Capture-diacre.png\" alt=\"\" class=\"wp-image-38 size-full\"\/><\/figure><div class=\"wp-block-media-text__content\">\n<p>Monsieur Jacky DIACRE &#8211; DELEGUE REGION 1<\/p>\n<\/div><\/div>\n\n\n\n<p><\/p>\n\n\n\n<div class=\"wp-block-columns is-layout-flex wp-container-core-columns-is-layout-9d6595d7 wp-block-columns-is-layout-flex\">\n<div class=\"wp-block-column is-layout-flow wp-block-column-is-layout-flow\" style=\"flex-basis:100%\">\n<figure class=\"wp-block-table\"><table class=\"has-fixed-layout\"><tbody><tr><td><strong>Pr\u00e9nom NOM<\/strong><\/td><td><strong>VILLE<\/strong><\/td><td><strong>TELEPHONE<\/strong>  <strong>e-mail<\/strong><\/td><td><strong>Elevage<\/strong><\/td><\/tr><tr><td>Daniel AMIAUD<\/td><td>85150 SAINT MATHURIN<\/td><td><\/td><td>Bossus<br>Fife<br>Fiorino<br>Gloster<br>Raza<\/td><\/tr><tr><td>Jacky DIACRE<\/td><td><br>16, route de Tourtenay<br>79290 BRION PRES THOUET<\/td><td>06 80 42 66 14<br>jackydiacre@yahoo.fr<\/td><td>Fiorino<br>Fris\u00e9 du nord<br>Gibber<br>Gloster<br>Llarguet<br>Norwich<br>Raza<\/td><\/tr><tr><td>Henri LENFANT <\/td><td>230, route de la petite                               chevalerie<br>49640 MORANNES            <\/td><td>06 13 48 53 03<br>henrilenfant@orange.fr<\/td><td>Fris\u00e9 du sud<br>Fris\u00e9 parisien<br>Mehringers<\/td><\/tr><tr><td><\/td><td><\/td><td><\/td><td><\/td><\/tr><tr><td><\/td><td><\/td><td><\/td><td><\/td><\/tr><tr><td><\/td><td><\/td><td><\/td><td><br><\/td><\/tr><\/tbody><\/table><\/figure>\n<\/div>\n<\/div>\n\n\n\n<h2 class=\"wp-block-heading\">R\u00e9gion 2<\/h2>\n\n\n\n<div class=\"wp-block-media-text is-stacked-on-mobile\" style=\"grid-template-columns:25% auto\"><figure class=\"wp-block-media-text__media\"><img loading=\"lazy\" decoding=\"async\" width=\"768\" height=\"1024\" src=\"https:\/\/clubtechniquecanaris.fr\/wp-content\/uploads\/2026\/03\/IMG_6552-768x1024.jpg\" alt=\"\" class=\"wp-image-416 size-full\" srcset=\"https:\/\/clubtechniquecanaris.fr\/wp-content\/uploads\/2026\/03\/IMG_6552-768x1024.jpg 768w, https:\/\/clubtechniquecanaris.fr\/wp-content\/uploads\/2026\/03\/IMG_6552-225x300.jpg 225w, https:\/\/clubtechniquecanaris.fr\/wp-content\/uploads\/2026\/03\/IMG_6552-1152x1536.jpg 1152w, https:\/\/clubtechniquecanaris.fr\/wp-content\/uploads\/2026\/03\/IMG_6552-1536x2048.jpg 1536w, https:\/\/clubtechniquecanaris.fr\/wp-content\/uploads\/2026\/03\/IMG_6552-scaled.jpg 1920w\" sizes=\"auto, (max-width: 768px) 100vw, 768px\" \/><\/figure><div class=\"wp-block-media-text__content\">\n<p>Monsieur Bertrand MOSER &#8211; DELEGUE REGION 2<\/p>\n<\/div><\/div>\n\n\n\n<p><\/p>\n\n\n\n<figure class=\"wp-block-table\"><table class=\"has-fixed-layout\"><tbody><tr><td><strong>Pr\u00e9nom NOM<\/strong><\/td><td><strong>VILLE<\/strong><\/td><td><strong>TELEPHONE   e-mail <\/strong><\/td><td><strong>Elevage<\/strong><\/td><\/tr><tr><td><\/td><td>&nbsp;<br><\/td><td><\/td><td><\/td><\/tr><tr><td>Jean Claude BRAND<\/td><td>1, rue Loewert<br>67210 NIERDERNAI<\/td><td>03 88 95 35 29<\/td><td>Gloster<\/td><\/tr><tr><td>Jean Guy DARROU<\/td><td><\/td><td><\/td><td>Fife fancy<br>Lizard<\/td><\/tr><tr><td>Mme DARROU<\/td><td><\/td><td><\/td><td>Border<br>Fife Fancy<\/td><\/tr><tr><td>Fabien GERARDIN<\/td><td>13,rue de la craill\u00e8re<br>70200 ADDELANS<\/td><td>06 12 31 96 08<br>fabien.gerardin1@orange.fr<\/td><td><br>Fris\u00e9 du Nord<\/td><\/tr><tr><td>Fran\u00e7ois GERARDIN<\/td><td>22, route du Rhien<br>70250 RONCHAMP<\/td><td>06 74 74 88 92<br>fran\u00e7ois.gerardin@wanadoo.fr<\/td><td>Fife<br>Fris\u00e9 parisien<br>Gloster<br>Hoso<br>Scotch<\/td><\/tr><tr><td>Michel  MEYER (p\u00e8re)<\/td><td>68000 COLMAR<\/td><td>06 63 91 20 88<\/td><td>Fife<br>Raza<br><\/td><\/tr><tr><td>Bertrand MOSER<\/td><td>39, rue de la girofl\u00e9e<br>68260 KINGERSHEIM<\/td><td>06 12 22 98 73<br>bertrand.moser@hotmail.fr <\/td><td>Border<br>Fife<br>Fris\u00e9 du nord<br>Lizard<\/td><\/tr><tr><td>Agn\u00e8s UHRIG<\/td><td>7, route de la basse des feign\u00e8s <br>88250 LA BRESSE<\/td><td>06 70 41 02 61<\/td><td>Fife<\/td><\/tr><\/tbody><\/table><\/figure>\n\n\n\n<figure class=\"wp-block-table\"><table class=\"has-fixed-layout\"><tbody><tr><td>Francis BELTRAN<\/td><td><\/td><\/tr><tr><td>Sonia PAULI<\/td><td><\/td><\/tr><tr><td>l\u00e9na PETIT<\/td><td><\/td><\/tr><\/tbody><\/table><\/figure>\n\n\n\n<h2 class=\"wp-block-heading\">R\u00e9gion 3<\/h2>\n\n\n\n<div class=\"wp-block-media-text is-stacked-on-mobile\" style=\"grid-template-columns:25% auto\"><figure class=\"wp-block-media-text__media\"><img loading=\"lazy\" decoding=\"async\" width=\"139\" height=\"138\" src=\"https:\/\/clubtechniquecanaris.fr\/wp-content\/uploads\/2025\/05\/e45l8-CaptureOMBRE_2.png\" alt=\"\" class=\"wp-image-46 size-full\"\/><\/figure><div class=\"wp-block-media-text__content\">\n<p>POSTE A POURVOIR &#8211; REGION 13<\/p>\n<\/div><\/div>\n\n\n\n<p><\/p>\n\n\n\n<figure class=\"wp-block-table\"><table class=\"has-fixed-layout\"><tbody><tr><td><strong>Pr\u00e9nom NOM<\/strong><\/td><td><strong>VILLE<\/strong><\/td><td><strong>TELEPHONE<\/strong>   <strong>e-mail<\/strong> <\/td><td><strong>Elevage<\/strong><\/td><\/tr><tr><td><\/td><td><\/td><td><\/td><td><\/td><\/tr><\/tbody><\/table><\/figure>\n\n\n\n<h2 class=\"wp-block-heading\">R\u00e9gion 4<\/h2>\n\n\n\n<div class=\"wp-block-media-text is-stacked-on-mobile\" style=\"grid-template-columns:24% auto\"><figure class=\"wp-block-media-text__media\"><img loading=\"lazy\" decoding=\"async\" width=\"547\" height=\"730\" src=\"https:\/\/clubtechniquecanaris.fr\/wp-content\/uploads\/2025\/05\/eqlxp-20200124_140254-1-.jpg\" alt=\"\" class=\"wp-image-40 size-full\"\/><\/figure><div class=\"wp-block-media-text__content\">\n<p>Monsieur BARRIERE Francis &#8211; DELEGUE  REGION 4<\/p>\n<\/div><\/div>\n\n\n\n<p><\/p>\n\n\n\n<figure class=\"wp-block-table\"><table class=\"has-fixed-layout\"><tbody><tr><td><strong>Pr\u00e9nom NOM<\/strong><\/td><td><strong>VILLE<\/strong><\/td><td><strong>TELEPHONE<\/strong>  <strong> e-mail<\/strong><\/td><td><strong>Elevage<\/strong><\/td><\/tr><tr><td>Francis BARRIERE<\/td><td>20 all\u00e9e de l&rsquo;\u00e9cluse R\u00e9sidence de l&rsquo;Ombri\u00e8re<br>33370 YVRAC<\/td><td>06 05 25 07 52<br><a href=\"mailto:barri\u00e8re.fc.33@sfr.fr\">barri\u00e8re.fc.33@sfr.fr<\/a><\/td><td>fris\u00e9 Parisien, Gloster<br>fris\u00e9 du Sud, Fife Fancy<br>Fiorino<\/td><\/tr><tr><td>Berty BRIAUD <\/td><td>2 route de Toutvent<br>16360 CHANTILLAC<br><\/td><td>&nbsp;06 75 30 59 81<br><a href=\"mailto:berty.chantillac@gmail.com\">berty.chantillac@gmail.com<\/a><\/td><td>Lizard &#8211; Yorkshire<br>Arlequin Portugais<br><\/td><\/tr><tr><td><\/td><td><\/td><td><\/td><td><\/td><\/tr><tr><td><\/td><td><\/td><td><\/td><td><\/td><\/tr><\/tbody><\/table><\/figure>\n\n\n\n<h2 class=\"wp-block-heading\">R\u00e9gion 5<\/h2>\n\n\n\n<div class=\"wp-block-media-text is-stacked-on-mobile\" style=\"grid-template-columns:24% auto\"><figure class=\"wp-block-media-text__media\"><img loading=\"lazy\" decoding=\"async\" width=\"376\" height=\"397\" src=\"https:\/\/clubtechniquecanaris.fr\/wp-content\/uploads\/2025\/05\/e45kk-Capture_CARESMEL.png\" alt=\"\" class=\"wp-image-41 size-full\"\/><\/figure><div class=\"wp-block-media-text__content\">\n<p>Monsieur CARESMEL Claude &#8211; DELEGUE REGION 5&nbsp;<\/p>\n<\/div><\/div>\n\n\n\n<p><\/p>\n\n\n\n<figure class=\"wp-block-table\"><table class=\"has-fixed-layout\"><tbody><tr><td><strong>Pr\u00e9nom NOM<\/strong><\/td><td><strong>VILLE<\/strong><\/td><td><strong>TELEPHONE<\/strong>    <strong>e-mail<\/strong><\/td><td><strong>Elevage<\/strong><\/td><\/tr><tr><td>Claude CARESMEL<\/td><td>01480 JASSANS RIOTTIER<\/td><td>06 76 48 61 03<br>claude.caresmel@hotmail.com<br><\/td><td>Lizard<br>Mehringer<br>Fiorino<br>Gloster<br><\/td><\/tr><tr><td>Jackie PEPIN<\/td><td><\/td><td><\/td><td><\/td><\/tr><tr><td><\/td><td><\/td><td><\/td><td><\/td><\/tr><tr><td><\/td><td><\/td><td><\/td><td><\/td><\/tr><\/tbody><\/table><\/figure>\n\n\n\n<h2 class=\"wp-block-heading\">R\u00e9gion 6<\/h2>\n\n\n\n<div class=\"wp-block-media-text is-stacked-on-mobile\" style=\"grid-template-columns:25% auto\"><figure class=\"wp-block-media-text__media\"><img loading=\"lazy\" decoding=\"async\" width=\"107\" height=\"143\" src=\"https:\/\/clubtechniquecanaris.fr\/wp-content\/uploads\/2025\/05\/eekps-PHOTO_ANTOINE_BALDINHO.jpg\" alt=\"\" class=\"wp-image-42 size-full\"\/><\/figure><div class=\"wp-block-media-text__content\">\n<p>Monsieur Antoine BALDINHO &#8211; DELEGUE REGION 6<\/p>\n<\/div><\/div>\n\n\n\n<div class=\"wp-block-columns are-vertically-aligned-top is-layout-flex wp-container-core-columns-is-layout-9d6595d7 wp-block-columns-is-layout-flex\">\n<div class=\"wp-block-column is-vertically-aligned-top is-layout-flow wp-block-column-is-layout-flow\" style=\"flex-basis:100%\">\n<figure class=\"wp-block-table\"><table class=\"has-fixed-layout\"><tbody><tr><td><strong>Pr\u00e9nom NOM<\/strong><\/td><td><strong>VILLE<\/strong><\/td><td><strong>TELEPHONE<\/strong>   <strong>e-mail<\/strong><\/td><td><strong>Elevage<\/strong><\/td><\/tr><tr><td><\/td><td><\/td><td><\/td><td><\/td><\/tr><tr><td>Robert ADAM<\/td><td>22000 ST BRIEUC<\/td><td><\/td><td><\/td><\/tr><tr><td>Antoine BALDINHO<\/td><td>15, rue Maudez<br>22540 PEDERNEC<\/td><td>06 10 90 39 52<br>glosterperso@gmail.com<\/td><td>Gloster  Norwich<br>Fris\u00e9 parisien  Giboso<br>Rasa  Bossu Belge<br><\/td><\/tr><tr><td>Ronan GRAZIANA<\/td><td>3, rue L\u00e9o Lagrange<br>56700 Hennebont<\/td><td>06 86 98 18 57<br>ronan.graziana@gmail.com <\/td><td>Border<br>Fife Fancy<br>Fiorino<\/td><\/tr><tr><td>Thierry DEMARLE<\/td><td>17, rue Mar\u00e9chal Leclerc                  29260 LE FOLGOET<\/td><td>07 68 06 74 05<br>demarle.thierry1@free.fr<\/td><td><br><br><br>Border &#8211; Fife &#8211; Gloster<br>Fris\u00e9 parisien &#8211; Lizard<br>Fris\u00e9 du nord &#8211; Scotch<br>Norwich<br><br><\/td><\/tr><tr><td>Charles CLAUDE<\/td><td>56100 LORIENT<\/td><td><\/td><td><\/td><\/tr><tr><td>Jean Yves LEMEUR<\/td><td>3 lieu dit Lazuret<br>22610 KERBORS<\/td><td><a href=\"mailto:jean.yves.lemeur@orange.fr\">jean.yves.lemeur@orange.fr<\/a>  <br>02 96 22 88 93<\/td><td>cotisation de soutien<\/td><\/tr><tr><td>Pierre QUERE<\/td><td>29400 PLOUNEVENTER<\/td><td><\/td><td><\/td><\/tr><tr><td>Jean Marc PIERRAT<\/td><td>56270 PLOEMEUR<\/td><td><\/td><td><\/td><\/tr><tr><td>Guy L&rsquo;HOTELLIER<\/td><td>55 rue de Villebonne<br>22950 TREGUEUX<\/td><td>06 48 45 82 31<br><a href=\"mailto:guy.lhotellier@orange.fr\">guy.lhotellier@orange.fr<\/a><\/td><td>Arlequin, Scotch fancy<br>Raza <\/td><\/tr><tr><td><\/td><td><\/td><td><\/td><td><\/td><\/tr><tr><td><\/td><td><\/td><td><\/td><td><\/td><\/tr><tr><td><\/td><td><\/td><td><\/td><td><\/td><\/tr><tr><td><\/td><td><\/td><td><\/td><td><\/td><\/tr><tr><td><\/td><td><\/td><td><\/td><td><\/td><\/tr><tr><td><\/td><td><\/td><td><\/td><td><\/td><\/tr><\/tbody><\/table><\/figure>\n<\/div>\n<\/div>\n\n\n\n<h2 class=\"wp-block-heading\">R\u00e9gion 7<\/h2>\n\n\n\n<div class=\"wp-block-media-text is-stacked-on-mobile\" style=\"grid-template-columns:25% auto\"><figure class=\"wp-block-media-text__media\"><img loading=\"lazy\" decoding=\"async\" width=\"128\" height=\"160\" src=\"https:\/\/clubtechniquecanaris.fr\/wp-content\/uploads\/2025\/05\/e45km-Capture_PDAH.png\" alt=\"\" class=\"wp-image-43 size-full\"\/><\/figure><div class=\"wp-block-media-text__content\">\n<p>Monsieur Pascal DAHLEM&nbsp;&#8211; DELEGUE REGION 7<\/p>\n<\/div><\/div>\n\n\n\n<p><\/p>\n\n\n\n<figure class=\"wp-block-table\"><table class=\"has-fixed-layout\"><tbody><tr><td><strong>Pr\u00e9nom NOM<\/strong><\/td><td><strong>VILLE<\/strong><\/td><td><strong>TELEPHONE<\/strong>   <strong>e-mail<\/strong><\/td><td><strong>Elevage<\/strong><\/td><\/tr><tr><td>Claude BERGAUT<\/td><td>52230 POISSONS<\/td><td>03 25 94 40 01<br><a href=\"mailto:claude.bergaut@orange.fr\">claude.bergaut@orange.fr<\/a><br><\/td><td>Fife<br>Raza<br>colombe<\/td><\/tr><tr><td>Marie BLAJERSKI<\/td><td><\/td><td><\/td><td>Border<br>Fife<\/td><\/tr><tr><td><\/td><td><\/td><td><\/td><td><\/td><\/tr><tr><td>Aur\u00e9lie CONTAL<\/td><td><\/td><td><\/td><td>Gloster<\/td><\/tr><tr><td>Pascal DAHLEM<\/td><td>57540 PETITE ROSSELLE<\/td><td>06 23 60 51 37<br><a href=\"mailto:pdahlem@orange.fr\">pdahlem@orange.fr<\/a><\/td><td>Fife<br>Norwich<\/td><\/tr><tr><td>Val\u00e9ry DAHLEM<\/td><td>57540 PETITE ROSSELLE<\/td><td>06 23 60 51 37<\/td><td>Border<\/td><\/tr><tr><td>Didier FAESSEL<\/td><td>57445 REDING<\/td><td><\/td><td>Irish fancy Yorkshire<\/td><\/tr><tr><td>Christian GAMBART<\/td><td>51530 ST MARTIN D&rsquo;ABLOIS<\/td><td><\/td><td><\/td><\/tr><tr><td>Alain HAMANN<\/td><td>57510 ELLVILLER<\/td><td>06 22 74 58 15<br><a href=\"mailto:alhamann@wanadoo.fr\">alhamann@wanadoo.fr<\/a><\/td><td>Border<br>Fife<\/td><\/tr><tr><td>Jean Luc PEQUINOT<\/td><td><\/td><td><\/td><td>Fife<br>Norwich<\/td><\/tr><tr><td>S\u00e9bastien ROYER<\/td><td>67260 SARRE UNION<\/td><td><\/td><td>Fris\u00e9 du nord<br>Gloster<br>Rheinlander<\/td><\/tr><tr><td>Fran\u00e7ois MERLO<\/td><td>57490 CARLING<\/td><td>francois.merlo@neuf.fr<\/td><td>Lizard &#8211; Yorkshire<\/td><\/tr><\/tbody><\/table><\/figure>\n\n\n\n<h2 class=\"wp-block-heading\">R\u00e9gion 8<\/h2>\n\n\n\n<div class=\"wp-block-media-text is-stacked-on-mobile\" style=\"grid-template-columns:25% auto\"><figure class=\"wp-block-media-text__media\"><img loading=\"lazy\" decoding=\"async\" width=\"768\" height=\"1024\" src=\"https:\/\/clubtechniquecanaris.fr\/wp-content\/uploads\/2026\/03\/IMG_6391-2-768x1024.jpeg\" alt=\"\" class=\"wp-image-412 size-full\" srcset=\"https:\/\/clubtechniquecanaris.fr\/wp-content\/uploads\/2026\/03\/IMG_6391-2-768x1024.jpeg 768w, https:\/\/clubtechniquecanaris.fr\/wp-content\/uploads\/2026\/03\/IMG_6391-2-225x300.jpeg 225w, https:\/\/clubtechniquecanaris.fr\/wp-content\/uploads\/2026\/03\/IMG_6391-2-1152x1536.jpeg 1152w, https:\/\/clubtechniquecanaris.fr\/wp-content\/uploads\/2026\/03\/IMG_6391-2-rotated.jpeg 1512w\" sizes=\"auto, (max-width: 768px) 100vw, 768px\" \/><\/figure><div class=\"wp-block-media-text__content\">\n<p>Monsieur Benjamin&nbsp;DUSAUTOIS- DELEGUE REGION 8<\/p>\n<\/div><\/div>\n\n\n\n<figure class=\"wp-block-table\"><table class=\"has-fixed-layout\"><tbody><tr><td><strong>Pr\u00e9nom NOM<\/strong><\/td><td><strong>VILLE<\/strong><\/td><td><strong>TELEPHONE<\/strong>   <strong>e-mail<\/strong><\/td><td><strong>Elevage<\/strong><\/td><\/tr><tr><td>Emmanuel AMMELOOT<\/td><td><\/td><td><\/td><td><\/td><\/tr><tr><td><\/td><td><\/td><td><\/td><td><\/td><\/tr><tr><td>Max&nbsp;BIZET<\/td><td>20, rue Batiste Marcet<br>62575 Blendecqes<\/td><td>03 21 98 86 91<br>max.bizet62575@orange.fr<\/td><td>Hupp\u00e9 allemand<br>Lizard<\/td><\/tr><tr><td>Christophe&nbsp;BUREL<\/td><td><\/td><td><\/td><td><\/td><\/tr><tr><td>Jo\u00ebl COUTO<\/td><td><\/td><td><\/td><td><\/td><\/tr><tr><td><\/td><td><\/td><td><\/td><td><\/td><\/tr><tr><td>Eric&nbsp;DELAIRE<\/td><td>34, rue Boussekey<br>59430 ST \u00a8POL SUR MER<\/td><td><a href=\"mailto:eric.delaire2@wanadoo.fr\">eric.delaire2@wanadoo.fr<\/a><br>06 80 72 19 69<\/td><td>Fiorino Rheinl\u00e4nder<br>Fris\u00e9 du nord<br>Fris\u00e9 suisse<br>Mehringer, Fife Fancy<\/td><\/tr><tr><td>Albert&nbsp;DELATTRE<\/td><td>59166 BOUSBECQUE<\/td><td><\/td><td><\/td><\/tr><tr><td>J. Paul&nbsp;DELEBECQUE<\/td><td>16, rue Mozart<br>59117 WERVICQ SUD<\/td><td><a href=\"mailto:chantaldelebecque@gmail.com\">chantaldelebecque@gmail.com<\/a><br>0320392736<\/td><td>Fife<br>Munchener<\/td><\/tr><tr><td>Eric DELFORGE<\/td><td><\/td><td><\/td><td><\/td><\/tr><tr><td><\/td><td><\/td><td><\/td><td><\/td><\/tr><tr><td>Benjamin&nbsp;DUSAUTOIS<\/td><td><\/td><td><\/td><td>Fiorino<br>Fris\u00e9 du nord<br>Fris\u00e9 parisien<br>Lancashire<br>Munchener<br>Rheinlander<br>Scotch<\/td><\/tr><tr><td>Patrick&nbsp;HENNERON<\/td><td><\/td><td><\/td><td>Gloster<\/td><\/tr><tr><td><\/td><td><\/td><td><\/td><td><\/td><\/tr><tr><td><\/td><td><\/td><td><\/td><td><\/td><\/tr><tr><td>Jean Marc&nbsp;LECONTE<\/td><td><\/td><td><\/td><td>Fife<br>Norwich<\/td><\/tr><tr><td>Bertrand MARECAUX<\/td><td>5 rue Maurice Camier<br>59161 NAVES<\/td><td>06 31 24 86 28<br><a href=\"mailto:bertrand.marecaux@orange.fr\">bertrand.marecaux@orange.fr<\/a><\/td><td>Fris\u00e9 du nord<br>Fris\u00e9 parisien<\/td><\/tr><tr><td>Philippe&nbsp;MERLEVELDE<\/td><td>53 impasse Salvador Allende<br>62700 bruay la buissiere<\/td><td>06 77 96 55 71<br><a href=\"mailto:philippe-merlevelde@hotmail.com\">philippe-merlevelde@hotmail.com<\/a> <\/td><td>Gloster <br><\/td><\/tr><tr><td><\/td><td><\/td><td><\/td><td><\/td><\/tr><tr><td>Jean Marc&nbsp;WATTEZ<\/td><td>62200 Boulogne\/mer<\/td><td><\/td><td>Border<br>Bossu belge<br>Fiorino<br>Fris\u00e9 du nord<br>Fris\u00e9 parisien<br>Mehringer<br>Munchener<br>Scotch<\/td><\/tr><\/tbody><\/table><\/figure>\n\n\n\n<h2 class=\"wp-block-heading\">R\u00e9gion 9<\/h2>\n\n\n\n<div class=\"wp-block-media-text is-stacked-on-mobile\" style=\"grid-template-columns:25% auto\"><figure class=\"wp-block-media-text__media\"><img loading=\"lazy\" decoding=\"async\" width=\"165\" height=\"200\" src=\"https:\/\/clubtechniquecanaris.fr\/wp-content\/uploads\/2025\/05\/e46sg-Capture_BARDOUL.png\" alt=\"\" class=\"wp-image-45 size-full\"\/><\/figure><div class=\"wp-block-media-text__content\">\n<p>Monsieur St\u00e9phane BARDOUL &#8211; DELEGUE REGION 9<\/p>\n<\/div><\/div>\n\n\n\n<p><\/p>\n\n\n\n<figure class=\"wp-block-table\"><table class=\"has-fixed-layout\"><tbody><tr><td><strong>Pr\u00e9nom NOM<\/strong><\/td><td><strong>VILLE<\/strong><\/td><td><strong>TELEPHONE<\/strong>   <strong>e-mail<\/strong><\/td><td><strong>Elevage<\/strong><\/td><\/tr><tr><td>BARDOUL St\u00e9phane<\/td><td>63340 ST GERVAZY<\/td><td>04 73 71 02 94<\/td><td>Irish fancy<\/td><\/tr><tr><td>MENSION Michel<\/td><td>03140 CHANTELLES<\/td><td><\/td><td>Fife<br>Gloster<br>Fris\u00e9 du nord<br>Fris\u00e9 parisien<br>Norwich<br>Raza<\/td><\/tr><\/tbody><\/table><\/figure>\n\n\n\n<h2 class=\"wp-block-heading\">R\u00e9gion 10<\/h2>\n\n\n\n<div class=\"wp-block-media-text is-stacked-on-mobile\" style=\"grid-template-columns:24% auto\"><figure class=\"wp-block-media-text__media\"><img loading=\"lazy\" decoding=\"async\" width=\"139\" height=\"138\" src=\"https:\/\/clubtechniquecanaris.fr\/wp-content\/uploads\/2025\/05\/e45l8-CaptureOMBRE_2.png\" alt=\"\" class=\"wp-image-46 size-full\"\/><\/figure><div class=\"wp-block-media-text__content\">\n<p>&nbsp;POSTE A POURVOIR REGION 10<\/p>\n<\/div><\/div>\n\n\n\n<p><\/p>\n\n\n\n<figure class=\"wp-block-table\"><table class=\"has-fixed-layout\"><tbody><tr><td><strong>Pr\u00e9nom NOM<\/strong><\/td><td><strong>VILLE<\/strong><\/td><td><strong>TELEPHONE<\/strong>     <strong>e-mail<\/strong><\/td><td><strong>Elevage<\/strong><\/td><\/tr><tr><td><\/td><td><\/td><td><\/td><td><\/td><\/tr><tr><td>Emmanuel&nbsp;ENCHE<\/td><td>2, impasse du clos vert<br>60340 ST LEU D&rsquo;ESSERENT<\/td><td>06 51 39 90 55<br><a href=\"mailto:manou600@gmail.com\">manou600@gmail.com<\/a><br><\/td><td>Fiorino<br>Fris\u00e9 du nord<br>Fife <br>Irisch<br><br><\/td><\/tr><tr><td>J.Philippe&nbsp;SAUVAGE<\/td><td>28, rue Joliot Curie<br>80330 LONGUEAU<br><\/td><td>06 16 28 55 19<br><a href=\"mailto:sauvage-jps@orange.fr\">sauvage-jps@orange.fr<\/a><\/td><td>Fife fancy<br>Raza<\/td><\/tr><tr><td>G\u00e9rard YAHAMETI<\/td><td><\/td><td><\/td><td><\/td><\/tr><\/tbody><\/table><\/figure>\n\n\n\n<h2 class=\"wp-block-heading\">R\u00e9gion 11<\/h2>\n\n\n\n<div class=\"wp-block-media-text is-stacked-on-mobile\" style=\"grid-template-columns:24% auto\"><figure class=\"wp-block-media-text__media\"><img loading=\"lazy\" decoding=\"async\" width=\"115\" height=\"119\" src=\"https:\/\/clubtechniquecanaris.fr\/wp-content\/uploads\/2025\/05\/e45kj-Capture_LE_GAL.png\" alt=\"\" class=\"wp-image-47 size-full\"\/><\/figure><div class=\"wp-block-media-text__content\">\n<p>MONSIEUR GILLES LE GAL &#8211; DELEGUE REGION 11<\/p>\n<\/div><\/div>\n\n\n\n<p><\/p>\n\n\n\n<figure class=\"wp-block-table\"><table class=\"has-fixed-layout\"><tbody><tr><td><strong>Pr\u00e9nom NOM<\/strong><\/td><td><strong>VILLE<\/strong><\/td><td><strong>TELEPHONE<\/strong>    <strong>e-mail<\/strong><\/td><td><strong>Elevage<\/strong><\/td><\/tr><tr><td>Issam AKROUTI<\/td><td><\/td><td>06 75 85 45 40<br><a href=\"mailto:issam_akrouti93@hotmail.fr\">issam_akrouti93@hotmail.fr<\/a><\/td><td>Raza<\/td><\/tr><tr><td>Louis DA COSTA<\/td><td><\/td><td><\/td><td><\/td><\/tr><tr><td><\/td><td><\/td><td><\/td><td><\/td><\/tr><tr><td><\/td><td><\/td><td><\/td><td><\/td><\/tr><tr><td>Gilles&nbsp;LE GAL<\/td><td>28410 MARCHEZAIS<\/td><td>06 07 69 59 02<br><a href=\"mailto:legal-gilles@orange.fr\">legal-gilles@orange.fr<\/a><\/td><td>Border<br>Fiorino<br>Fife<br><br><\/td><\/tr><tr><td>Alain&nbsp;LEFAUCHEUX<\/td><td>28210 SENANTES<\/td><td>06 07 50 52 26<br><\/td><td>Border<br>Fife<br>Yorkshire<\/td><\/tr><tr><td>Eric MAGNONE<\/td><td>5 Les \u00e9carts&nbsp; Le Ru de Vrou<br>77750 SAINT CYR SUR MORIN<\/td><td>06 88 90 67 86<br><a href=\"mailto:magnone.eric60@gmail.com\">magnone.eric60@gmail.com<\/a><\/td><td>Raza<\/td><\/tr><tr><td><\/td><td><\/td><td><\/td><td><\/td><\/tr><\/tbody><\/table><\/figure>\n\n\n\n<h2 class=\"wp-block-heading\">R\u00e9gion 13<\/h2>\n\n\n\n<div class=\"wp-block-media-text is-stacked-on-mobile\" style=\"grid-template-columns:25% auto\"><figure class=\"wp-block-media-text__media\"><img loading=\"lazy\" decoding=\"async\" width=\"139\" height=\"138\" src=\"https:\/\/clubtechniquecanaris.fr\/wp-content\/uploads\/2025\/05\/e45l8-CaptureOMBRE_2.png\" alt=\"\" class=\"wp-image-46 size-full\"\/><\/figure><div class=\"wp-block-media-text__content\">\n<p>POSTE A POURVOIR &#8211; REGION 13<\/p>\n<\/div><\/div>\n\n\n\n<p><\/p>\n\n\n\n<h2 class=\"wp-block-heading\">R\u00e9gion 14<\/h2>\n\n\n\n<div class=\"wp-block-media-text is-stacked-on-mobile\" style=\"grid-template-columns:25% auto\"><figure class=\"wp-block-media-text__media\"><img loading=\"lazy\" decoding=\"async\" width=\"139\" height=\"138\" src=\"https:\/\/clubtechniquecanaris.fr\/wp-content\/uploads\/2025\/05\/e45l8-CaptureOMBRE_2.png\" alt=\"\" class=\"wp-image-46 size-full\"\/><\/figure><div class=\"wp-block-media-text__content\">\n<p>MONSIEUR Jean Pierre EMILIE &#8211; DELEGUE REGION 14<\/p>\n<\/div><\/div>\n\n\n\n<p><\/p>\n\n\n\n<figure class=\"wp-block-table\"><table class=\"has-fixed-layout\"><tbody><tr><td><strong>Pr\u00e9nom NOM<\/strong><\/td><td><strong>VILLE<\/strong><\/td><td><strong>TELEPHONE<\/strong>  <strong>e-mail<\/strong><\/td><td><strong>Elevage<\/strong><\/td><\/tr><tr><td>Jean Pierre&nbsp;EMILIE<\/td><td>97440 SAINT ANDRE<\/td><td><\/td><td><\/td><\/tr><tr><td>Albaret HYACINTHE<\/td><td>97438 SAINTE MARIE<\/td><td><\/td><td><\/td><\/tr><tr><td>Jo\u00ebl&nbsp;LALLEMAND<\/td><td>97418 LE TAMPON<\/td><td><\/td><td><\/td><\/tr><tr><td>Patrick FILO<\/td><td>8 rue Pierre LOTI<br>97430 LE TAMPON<\/td><td><a href=\"mailto:patrick.filo974@gmail.com\">patrick.filo974@gmail.com<\/a>  <br>06 92 12 18 82<\/td><td>Fiorino, Arlequin<\/td><\/tr><tr><td><\/td><td><\/td><td><\/td><td><\/td><\/tr><tr><td>Andr\u00e9&nbsp;LU YEN TUNG<\/td><td>97490 STE CLOTILDE (REUNION)<br>51, rue Lacroix<\/td><td>02 62 29 52 43<br>luyentung1@wanadoo.fr<\/td><td>Bernois<br>Hoso Japonais<br>Scotch Fancy<\/td><\/tr><tr><td>Christian&nbsp;PREMONT<\/td><td>97438 SAINTE MARIE<\/td><td><\/td><td><\/td><\/tr><tr><td><\/td><td><\/td><td><\/td><td><\/td><\/tr><tr><td>Gilles&nbsp;SAUTRON<\/td><td>97400 SAINT DENIS<\/td><td><\/td><td><\/td><\/tr><\/tbody><\/table><\/figure>\n","protected":false},"excerpt":{"rendered":"<p>R\u00e9gion CEE Pr\u00e9nom NOM VILLE TELEPHONE mail REGION Elevage R\u00e9gion 1 Monsieur Jacky DIACRE &#8211; DELEGUE REGION 1 Pr\u00e9nom NOM VILLE TELEPHONE e-mail Elevage Daniel AMIAUD 85150 SAINT MATHURIN BossusFifeFiorinoGlosterRaza Jacky DIACRE 16, route de Tourtenay79290 BRION PRES THOUET 06 80 42 66 14jackydiacre@yahoo.fr FiorinoFris\u00e9 du nordGibberGlosterLlarguetNorwichRaza Henri LENFANT 230, route de la petite chevalerie49640 [&hellip;]<\/p>\n","protected":false},"author":1,"featured_media":0,"parent":0,"menu_order":0,"comment_status":"closed","ping_status":"closed","template":"","meta":{"footnotes":""},"class_list":["post-13","page","type-page","status-publish","hentry"],"_links":{"self":[{"href":"https:\/\/clubtechniquecanaris.fr\/index.php?rest_route=\/wp\/v2\/pages\/13","targetHints":{"allow":["GET"]}}],"collection":[{"href":"https:\/\/clubtechniquecanaris.fr\/index.php?rest_route=\/wp\/v2\/pages"}],"about":[{"href":"https:\/\/clubtechniquecanaris.fr\/index.php?rest_route=\/wp\/v2\/types\/page"}],"author":[{"embeddable":true,"href":"https:\/\/clubtechniquecanaris.fr\/index.php?rest_route=\/wp\/v2\/users\/1"}],"replies":[{"embeddable":true,"href":"https:\/\/clubtechniquecanaris.fr\/index.php?rest_route=%2Fwp%2Fv2%2Fcomments&post=13"}],"version-history":[{"count":52,"href":"https:\/\/clubtechniquecanaris.fr\/index.php?rest_route=\/wp\/v2\/pages\/13\/revisions"}],"predecessor-version":[{"id":453,"href":"https:\/\/clubtechniquecanaris.fr\/index.php?rest_route=\/wp\/v2\/pages\/13\/revisions\/453"}],"wp:attachment":[{"href":"https:\/\/clubtechniquecanaris.fr\/index.php?rest_route=%2Fwp%2Fv2%2Fmedia&parent=13"}],"curies":[{"name":"wp","href":"https:\/\/api.w.org\/{rel}","templated":true}]}}