{"id":106,"date":"2025-05-24T16:46:57","date_gmt":"2025-05-24T14:46:57","guid":{"rendered":"http:\/\/localhost\/CTP\/?page_id=106"},"modified":"2025-09-29T01:31:15","modified_gmt":"2025-09-28T23:31:15","slug":"demande-dadhesion","status":"publish","type":"page","link":"https:\/\/clubtechniquecanaris.fr\/?page_id=106","title":{"rendered":"Demande d&rsquo;adh\u00e9sion"},"content":{"rendered":"\n<p>Afin de R\u00e9aliser un demande d&rsquo;adh\u00e9sion, merci de compl\u00e9ter le bulletin d&rsquo;adh\u00e9sion et de le retourn\u00e9 avec le r\u00e8glement \u00e0 l&rsquo;adresse ci dessous:<\/p>\n\n\n\n<pre class=\"wp-block-preformatted\">Monsieur Alain Hamann<br>53 rue de la lib\u00e9ration<br>57510 ELLVILLER<\/pre>\n\n\n\n<h2 class=\"wp-block-heading\">Bulletin d&rsquo;adh\u00e9sion<\/h2>\n\n\n\n<figure class=\"wp-block-gallery has-nested-images columns-default is-cropped wp-block-gallery-1 is-layout-flex wp-block-gallery-is-layout-flex\">\n<figure class=\"wp-block-image size-full\"><img loading=\"lazy\" decoding=\"async\" width=\"448\" height=\"625\" data-id=\"111\" src=\"https:\/\/clubtechniquecanaris.fr\/wp-content\/uploads\/2025\/05\/fg3ca-Capture-adhesion-2023.png\" alt=\"\" class=\"wp-image-111\"\/><\/figure>\n<\/figure>\n\n\n\n<p><\/p>\n","protected":false},"excerpt":{"rendered":"<p>Afin de R\u00e9aliser un demande d&rsquo;adh\u00e9sion, merci de compl\u00e9ter le bulletin d&rsquo;adh\u00e9sion et de le retourn\u00e9 avec le r\u00e8glement \u00e0 l&rsquo;adresse ci dessous: Monsieur Alain Hamann53 rue de la lib\u00e9ration57510 ELLVILLER Bulletin d&rsquo;adh\u00e9sion<\/p>\n","protected":false},"author":1,"featured_media":0,"parent":0,"menu_order":0,"comment_status":"closed","ping_status":"closed","template":"","meta":{"footnotes":""},"class_list":["post-106","page","type-page","status-publish","hentry"],"_links":{"self":[{"href":"https:\/\/clubtechniquecanaris.fr\/index.php?rest_route=\/wp\/v2\/pages\/106","targetHints":{"allow":["GET"]}}],"collection":[{"href":"https:\/\/clubtechniquecanaris.fr\/index.php?rest_route=\/wp\/v2\/pages"}],"about":[{"href":"https:\/\/clubtechniquecanaris.fr\/index.php?rest_route=\/wp\/v2\/types\/page"}],"author":[{"embeddable":true,"href":"https:\/\/clubtechniquecanaris.fr\/index.php?rest_route=\/wp\/v2\/users\/1"}],"replies":[{"embeddable":true,"href":"https:\/\/clubtechniquecanaris.fr\/index.php?rest_route=%2Fwp%2Fv2%2Fcomments&post=106"}],"version-history":[{"count":5,"href":"https:\/\/clubtechniquecanaris.fr\/index.php?rest_route=\/wp\/v2\/pages\/106\/revisions"}],"predecessor-version":[{"id":255,"href":"https:\/\/clubtechniquecanaris.fr\/index.php?rest_route=\/wp\/v2\/pages\/106\/revisions\/255"}],"wp:attachment":[{"href":"https:\/\/clubtechniquecanaris.fr\/index.php?rest_route=%2Fwp%2Fv2%2Fmedia&parent=106"}],"curies":[{"name":"wp","href":"https:\/\/api.w.org\/{rel}","templated":true}]}}